{"id":4308,"date":"2022-12-16T15:41:19","date_gmt":"2022-12-16T14:41:19","guid":{"rendered":"http:\/\/happymondays.be\/?post_type=product&#038;p=4308"},"modified":"2023-12-21T15:05:55","modified_gmt":"2023-12-21T14:05:55","slug":"le-pouvoir-de-la-pensee-positive-au-travail-penser-de-maniere-positive-renforce-lefficacite-ainsi-que-la-la-satisfaction-personnelle-24-05","status":"publish","type":"product","link":"https:\/\/happymondays.be\/fr\/produit\/le-pouvoir-de-la-pensee-positive-au-travail-penser-de-maniere-positive-renforce-lefficacite-ainsi-que-la-la-satisfaction-personnelle-24-05\/","title":{"rendered":"Le pouvoir de la pens\u00e9e positive au travail : penser de mani\u00e8re positive renforce l&#8217;efficacit\u00e9 ainsi que la la satisfaction personnelle"},"content":{"rendered":"","protected":false},"excerpt":{"rendered":"","protected":false},"featured_media":0,"template":"","meta":{"_acf_changed":false},"product_brand":[],"product_cat":[238],"product_tag":[],"training":[],"class_list":{"0":"post-4308","1":"product","2":"type-product","3":"status-publish","5":"product_cat-digital-discovery-session-fr","7":"first","8":"instock","9":"taxable","10":"shipping-taxable","11":"product-type-simple"},"acf":[],"_links":{"self":[{"href":"https:\/\/happymondays.be\/fr\/wp-json\/wp\/v2\/product\/4308","targetHints":{"allow":["GET"]}}],"collection":[{"href":"https:\/\/happymondays.be\/fr\/wp-json\/wp\/v2\/product"}],"about":[{"href":"https:\/\/happymondays.be\/fr\/wp-json\/wp\/v2\/types\/product"}],"wp:attachment":[{"href":"https:\/\/happymondays.be\/fr\/wp-json\/wp\/v2\/media?parent=4308"}],"wp:term":[{"taxonomy":"product_brand","embeddable":true,"href":"https:\/\/happymondays.be\/fr\/wp-json\/wp\/v2\/product_brand?post=4308"},{"taxonomy":"product_cat","embeddable":true,"href":"https:\/\/happymondays.be\/fr\/wp-json\/wp\/v2\/product_cat?post=4308"},{"taxonomy":"product_tag","embeddable":true,"href":"https:\/\/happymondays.be\/fr\/wp-json\/wp\/v2\/product_tag?post=4308"},{"taxonomy":"training","embeddable":true,"href":"https:\/\/happymondays.be\/fr\/wp-json\/wp\/v2\/training?post=4308"}],"curies":[{"name":"wp","href":"https:\/\/api.w.org\/{rel}","templated":true}]}}