{"id":4314,"date":"2022-12-16T15:43:53","date_gmt":"2022-12-16T14:43:53","guid":{"rendered":"http:\/\/happymondays.be\/?post_type=product&#038;p=4314"},"modified":"2023-12-21T15:12:19","modified_gmt":"2023-12-21T14:12:19","slug":"developper-la-resilience-et-augmenter-la-resistance-au-stress-24-05","status":"publish","type":"product","link":"https:\/\/happymondays.be\/fr\/produit\/developper-la-resilience-et-augmenter-la-resistance-au-stress-24-05\/","title":{"rendered":"D\u00e9velopper la r\u00e9silience et augmenter la r\u00e9sistance au stress"},"content":{"rendered":"","protected":false},"excerpt":{"rendered":"","protected":false},"featured_media":0,"template":"","meta":{"_acf_changed":false},"product_brand":[],"product_cat":[238],"product_tag":[],"training":[],"class_list":{"0":"post-4314","1":"product","2":"type-product","3":"status-publish","5":"product_cat-digital-discovery-session-fr","7":"first","8":"instock","9":"taxable","10":"shipping-taxable","11":"product-type-simple"},"acf":[],"_links":{"self":[{"href":"https:\/\/happymondays.be\/fr\/wp-json\/wp\/v2\/product\/4314","targetHints":{"allow":["GET"]}}],"collection":[{"href":"https:\/\/happymondays.be\/fr\/wp-json\/wp\/v2\/product"}],"about":[{"href":"https:\/\/happymondays.be\/fr\/wp-json\/wp\/v2\/types\/product"}],"wp:attachment":[{"href":"https:\/\/happymondays.be\/fr\/wp-json\/wp\/v2\/media?parent=4314"}],"wp:term":[{"taxonomy":"product_brand","embeddable":true,"href":"https:\/\/happymondays.be\/fr\/wp-json\/wp\/v2\/product_brand?post=4314"},{"taxonomy":"product_cat","embeddable":true,"href":"https:\/\/happymondays.be\/fr\/wp-json\/wp\/v2\/product_cat?post=4314"},{"taxonomy":"product_tag","embeddable":true,"href":"https:\/\/happymondays.be\/fr\/wp-json\/wp\/v2\/product_tag?post=4314"},{"taxonomy":"training","embeddable":true,"href":"https:\/\/happymondays.be\/fr\/wp-json\/wp\/v2\/training?post=4314"}],"curies":[{"name":"wp","href":"https:\/\/api.w.org\/{rel}","templated":true}]}}