{"id":6935,"date":"2023-12-18T11:08:05","date_gmt":"2023-12-18T10:08:05","guid":{"rendered":"http:\/\/happymondays.be\/product\/boek-je-hebt-meer-invloed-dan-je-denkt-10-stuks\/"},"modified":"2024-04-17T11:35:30","modified_gmt":"2024-04-17T09:35:30","slug":"livre-vous-avez-plus-dinfluence-que-vous-ne-le-pensez-10-unites","status":"publish","type":"product","link":"https:\/\/happymondays.be\/fr\/produit\/livre-vous-avez-plus-dinfluence-que-vous-ne-le-pensez-10-unites\/","title":{"rendered":"Livre : Vous avez plus d&#8217;influence que vous ne le pensez (10 unit\u00e9s)"},"content":{"rendered":"<div id=\"bannerR\">\n<div id=\"lipsumcom_right_siderail\" align=\"center\" data-freestar-ad=\"__300x600\"><\/div>\n<\/div>\n<div class=\"boxed\">\n<div id=\"lipsum\">\n<p><strong>Happy Mondays est fier de vous pr\u00e9senter son premier livre !<\/strong><\/p>\n<div class=\"boxed\">\n<div id=\"lipsum\">\n<div class=\"boxed\">\n<div id=\"lipsum\">\n<p><span style=\"font-weight: 400;\">Vincent De Corte, directeur g\u00e9n\u00e9ral de Happy Mondays, partage ses exp\u00e9riences personnelles \u00e0 propos de la gestion de la communication et des conflits.<\/span><\/p>\n<p><strong>Ce livre a pour but de vous inspirer et de renforcer votre ma\u00eetrise des comportements humains et des diff\u00e9rents mod\u00e8les de communication.<\/strong><\/p>\n<p><span style=\"font-weight: 400;\">Que faire pour travailler sereinement avec un coll\u00e8gue dont vous ne partagez pas toujours les points de vue ? Que faire lorsque vous constatez que vous n\u2019arrivez pas tout de suite \u00e0 installer des interactions constructives ou stimulantes ? Comment interagir avec des personnalit\u00e9s tellement diff\u00e9rentes de la v\u00f4tre ? M\u00eame si vous avez de l\u2019exp\u00e9rience et \u00ab\u00a0savez\u00a0\u00bb comment la communication fonctionne, il n\u2019est pas toujours ais\u00e9 de bien communiquer et de g\u00e9rer les diff\u00e9rentes personnalit\u00e9s avec lesquelles vous travaillez.\u00a0<\/span><\/p>\n<p><span style=\"font-weight: 400;\"><strong>Nous vendons ce livre \u00e0 prix co\u00fbtant, sans aucun frais d\u2019envoi\u00a0! Parce que notre objectif est de faire en sorte qu\u2019un maximum de gens le lisent.<\/strong> <\/span><\/p>\n<ul>\n<li style=\"font-weight: 400;\" aria-level=\"1\">Profitez de ces 88 pages pleines de conseils et d&#8217;outils pratiques<\/li>\n<li style=\"font-weight: 400;\" aria-level=\"1\">D\u00e9couvrez des informations pertinentes sur les diff\u00e9rents types de personnalit\u00e9 (Insights Discovery, MBTI, DISC et Big Five).<\/li>\n<li style=\"font-weight: 400;\" aria-level=\"1\">Installez des entretiens plus efficaces et plus constructifs<\/li>\n<li style=\"font-weight: 400;\" aria-level=\"1\">R\u00e9duisez le nombre de discussions interminables et de conflits<\/li>\n<li style=\"font-weight: 400;\" aria-level=\"1\">Profitez des illustrations amusantes et des exemples concrets<\/li>\n<li aria-level=\"1\">B\u00e9n\u00e9ficiez d&#8217;une r\u00e9duction int\u00e9ressante + <span style=\"text-decoration: underline;\"><strong>1 heure avec l&#8217;auteur pour discuter du livre avec lui si vous achetez 10 exemplaires ou plus en une seule fois<\/strong><\/span><\/li>\n<li style=\"font-weight: 400;\" aria-level=\"1\">Ne payez que le co\u00fbt de production<\/li>\n<li style=\"font-weight: 400;\" aria-level=\"1\">Exp\u00e9dition gratuite<\/li>\n<\/ul>\n<p><strong>Le livre est aussi disponible en <a href=\"https:\/\/happymondays.be\/product\/boek-je-hebt-meer-invloed-dan-je-denkt-10-stuks\/\">n\u00e9erlandais<\/a> et en <a href=\"https:\/\/happymondays.be\/en\/product\/book-you-have-more-influence-than-you-think-10-pieces\/\">anglais<\/a>.<\/strong><\/p>\n<\/div>\n<\/div>\n<\/div>\n<\/div>\n<\/div>\n<\/div>\n","protected":false},"excerpt":{"rendered":"<p>Happy Mondays est fier de vous pr\u00e9senter son premier livre ! Vincent De Corte, directeur g\u00e9n\u00e9ral de Happy Mondays, partage ses exp\u00e9riences personnelles \u00e0 propos de la gestion de la communication et des conflits. Ce livre a pour but de vous inspirer et de renforcer votre ma\u00eetrise des comportements humains et des diff\u00e9rents mod\u00e8les de [&hellip;]<\/p>\n","protected":false},"featured_media":6790,"template":"","meta":{"_acf_changed":false},"product_brand":[],"product_cat":[278,257],"product_tag":[259],"training":[],"class_list":{"0":"post-6935","1":"product","2":"type-product","3":"status-publish","4":"has-post-thumbnail","6":"product_cat-exclude-cart-fr","7":"product_cat-livres","8":"product_tag-livre","10":"first","11":"instock","12":"sale","13":"purchasable","14":"product-type-simple"},"acf":[],"_links":{"self":[{"href":"https:\/\/happymondays.be\/fr\/wp-json\/wp\/v2\/product\/6935","targetHints":{"allow":["GET"]}}],"collection":[{"href":"https:\/\/happymondays.be\/fr\/wp-json\/wp\/v2\/product"}],"about":[{"href":"https:\/\/happymondays.be\/fr\/wp-json\/wp\/v2\/types\/product"}],"wp:featuredmedia":[{"embeddable":true,"href":"https:\/\/happymondays.be\/fr\/wp-json\/wp\/v2\/media\/6790"}],"wp:attachment":[{"href":"https:\/\/happymondays.be\/fr\/wp-json\/wp\/v2\/media?parent=6935"}],"wp:term":[{"taxonomy":"product_brand","embeddable":true,"href":"https:\/\/happymondays.be\/fr\/wp-json\/wp\/v2\/product_brand?post=6935"},{"taxonomy":"product_cat","embeddable":true,"href":"https:\/\/happymondays.be\/fr\/wp-json\/wp\/v2\/product_cat?post=6935"},{"taxonomy":"product_tag","embeddable":true,"href":"https:\/\/happymondays.be\/fr\/wp-json\/wp\/v2\/product_tag?post=6935"},{"taxonomy":"training","embeddable":true,"href":"https:\/\/happymondays.be\/fr\/wp-json\/wp\/v2\/training?post=6935"}],"curies":[{"name":"wp","href":"https:\/\/api.w.org\/{rel}","templated":true}]}}